{"id":2127,"date":"2024-10-07T21:29:34","date_gmt":"2024-10-07T19:29:34","guid":{"rendered":"https:\/\/kinkysaloonfrance.com\/?page_id=2127"},"modified":"2024-10-07T21:32:03","modified_gmt":"2024-10-07T19:32:03","slug":"rapport-assemblee-generale","status":"publish","type":"page","link":"https:\/\/kinkysaloonfrance.com\/en\/rapport-assemblee-generale\/","title":{"rendered":"Annual General Meeting report."},"content":{"rendered":"<p>Le mercredi 2 octobre 2024, c\u2019est tenu l\u2019assembl\u00e9e g\u00e9n\u00e9rale du Kinky Saloon France. La totalit\u00e9 du bureau \u00e9tait pr\u00e9sent ainsi que 5 adh\u00e9rents, 10 pouvoirs ont \u00e9t\u00e9 transmis au bureau.<\/p>\n\n\n\n<p>Le bilan financier a \u00e9t\u00e9 de 28 850 euros de recettes et 27750 euros de d\u00e9pense pour un r\u00e9sultat positif de 1 100 euros.<\/p>\n\n\n\n<p><strong>En recette, on retrouve : <\/strong><\/p>\n\n\n\n<p>les cotisations 16%, Le Kinky Market 10% et les \u00e9v\u00e9nements 74% <\/p>\n\n\n\n<p><strong>En d\u00e9pense : <\/strong><\/p>\n\n\n\n<p>Location de salles 32% (le nerf de la guerre des prix) <\/p>\n\n\n\n<p>Le d\u00e9fraiement de l\u2019\u00e9quipe 33% (On n\u2019a toujours \u00e9t\u00e9 transparent, pour les soir\u00e9es payantes que ceux qui encadre soit d\u00e9fray\u00e9, le bar, la porte, les photographes, les organisateurs). <\/p>\n\n\n\n<p>Les frais g\u00e9n\u00e9raux 4%, frais bancaires, assurance, site internet. <\/p>\n\n\n\n<p>Le Kinky market de France Femdom 9%. Le kinky saloon a apport\u00e9 une logistique et a g\u00e9r\u00e9 le bar lors de France Femdom et du Kinky market. <\/p>\n\n\n\n<p>Les animataires 8%. Le Ksf aimerait cette ann\u00e9e doubl\u00e9 cette somme pour ceux qui font les ap\u00e9ro atelier, les d\u00e9monstrations lors des soir\u00e9es, une r\u00e9mun\u00e9ration plus juste au sein de notre communaut\u00e9. <\/p>\n\n\n\n<p>Mat\u00e9riel 7% (achat pour les ateliers ou le munch &amp; play) <\/p>\n\n\n\n<p>Formation 7% (L\u2019\u00e9quipe du Kinky Saloon a suivi une formation \u00ab\u00a0harc\u00e9lement, descrimination et violence sexiste et sexuelle\u00a0\u00bb aupr\u00e8s de CEBI pour mieux g\u00e9rer nos soir\u00e9e et install\u00e9 des protocole en cas de probl\u00e8mes. Inanna a suivi une formation sur hygi\u00e8ne et salubrit\u00e9.)<\/p>\n\n\n\n<p><strong>Les adh\u00e9sions :<\/strong> le bureau a d\u00e9cid\u00e9 de maintenir le prix des adh\u00e9sions. <\/p>\n\n\n\n<p>Reflexion sur un protocole d\u2019annulation d\u2019adh\u00e9sion d\u2019un ou une adh\u00e9rent\u00b7e. Aucun vote pour le moment juste une r\u00e9flexion sur : \u00ab\u00a0quand un adh\u00e9rent ne respecte pas les valeurs et la charte du KSF ?\u00a0\u00bb, apr\u00e8s r\u00e9flexion il a \u00e9t\u00e9 d\u00e9cid\u00e9 que selon la complexit\u00e9 du probl\u00e8me le KSF ferait appel \u00e0 un m\u00e9diateur ext\u00e9rieur avant la radiation d\u2019un adh\u00e9rent.<\/p>\n\n\n\n<p><strong>Les projets futurs :<\/strong><\/p>\n\n\n\n<p>Les Munchs &amp; Play : Toujours une fois par mois jusqu\u2019au mois de juin sauf en d\u00e9cembre (2 \u00e9ditions du secret Santa qui a \u00e9t\u00e9 un francs succ\u00e8s l\u2019ann\u00e9e derni\u00e8re).<\/p>\n\n\n\n<p>Les Cultures &amp; Play sont mis en pause pour le moment, nous r\u00e9fl\u00e9chissons \u00e0 comment baisser les tarifs et \u00e0 \u00e9ventuellement les faire le dimanche apr\u00e8s midi.<\/p>\n\n\n\n<p>Les ap\u00e9ros-ateliers : atelier en petit comit\u00e9 (10-12 personnes) sur une pratique ou une philosophie BDSM commence le 30 octobre avec \u00ab&nbsp;MindFuck!&nbsp;\u00bb avec Madame Lule. D\u2019autres sont en cours de pr\u00e9paration.<\/p>\n\n\n\n<p>Les Only Members munch reprennent enfin le 5 novembre. Munch ouvert exclusivement aux adh\u00e9rents du KSF.<\/p>\n\n\n\n<p>Master Class No Experience Necessary : Notre premier Master Class aura lieu le 25 novembre. Un atelier une pas manquer ouvert qu\u2019\u00e0 30 personnes au m\u00eame lieu que nos munch &amp; play. Avec Midori experte am\u00e9ricaine en Shibari. Venez jouer avec les cordes d\u2019une fa\u00e7on totalement diff\u00e9rente du SHibari.<\/p>\n\n\n\n<p>La soir\u00e9e Kinky Saloon Ultimate, pr\u00e9vu 1 fois par an pour environ 200 personnes n\u2019a toujours pas trouv\u00e9 sa salle !<\/p>\n\n\n\n<p>Le kinky Market : Le kinky market quitte france Femdom pour se retrouver sous la banni\u00e8re du KSF et de la WilkyWay, premi\u00e8re aventure en collaboration inter structure. Pr\u00e9vu pour le premier trimestre 2025, du samedi au dimanche avec une play party le samedi soir.<\/p>\n\n\n\n<p>Les formations : Toute l\u2019\u00e9quipe va faire une formation en \u00ab&nbsp;premier secours en sant\u00e9 mentale&nbsp;\u00bb formation qu\u2019on aimerait plus tard co-financ\u00e9 pour nos adh\u00e9rents qu\u2019ils le souhaitent.<\/p>\n\n\n\n<p>Voil\u00e0 c\u2019est tout pour cette AG.<\/p>\n\n\n\n<p>La prochaine aura lieu au mois de<strong> Juillet 2025.<\/strong><\/p>","protected":false},"excerpt":{"rendered":"<p>Le mercredi 2 octobre 2024, c\u2019est tenu l\u2019assembl\u00e9e g\u00e9n\u00e9rale du Kinky Saloon France. La totalit\u00e9 du bureau \u00e9tait pr\u00e9sent ainsi que 5 adh\u00e9rents, 10 pouvoirs ont \u00e9t\u00e9 transmis au bureau&#8230;.<\/p>","protected":false},"author":1,"featured_media":0,"parent":0,"menu_order":0,"comment_status":"closed","ping_status":"closed","template":"","meta":{"_EventAllDay":false,"_EventTimezone":"","_EventStartDate":"","_EventEndDate":"","_EventStartDateUTC":"","_EventEndDateUTC":"","_EventShowMap":false,"_EventShowMapLink":false,"_EventURL":"","_EventCost":"","_EventCostDescription":"","_EventCurrencySymbol":"","_EventCurrencyCode":"","_EventCurrencyPosition":"","_EventDateTimeSeparator":"","_EventTimeRangeSeparator":"","_EventOrganizerID":[],"_EventVenueID":[],"_OrganizerEmail":"","_OrganizerPhone":"","_OrganizerWebsite":"","_VenueAddress":"","_VenueCity":"","_VenueCountry":"","_VenueProvince":"","_VenueState":"","_VenueZip":"","_VenuePhone":"","_VenueURL":"","_VenueStateProvince":"","_VenueLat":"","_VenueLng":"","_VenueShowMap":false,"_VenueShowMapLink":false,"_kadence_starter_templates_imported_post":false,"_kad_post_transparent":"","_kad_post_title":"","_kad_post_layout":"","_kad_post_sidebar_id":"","_kad_post_content_style":"","_kad_post_vertical_padding":"","_kad_post_feature":"","_kad_post_feature_position":"","_kad_post_header":false,"_kad_post_footer":false,"_kad_post_classname":"","footnotes":""},"class_list":["post-2127","page","type-page","status-publish","hentry"],"_links":{"self":[{"href":"https:\/\/kinkysaloonfrance.com\/en\/wp-json\/wp\/v2\/pages\/2127"}],"collection":[{"href":"https:\/\/kinkysaloonfrance.com\/en\/wp-json\/wp\/v2\/pages"}],"about":[{"href":"https:\/\/kinkysaloonfrance.com\/en\/wp-json\/wp\/v2\/types\/page"}],"author":[{"embeddable":true,"href":"https:\/\/kinkysaloonfrance.com\/en\/wp-json\/wp\/v2\/users\/1"}],"replies":[{"embeddable":true,"href":"https:\/\/kinkysaloonfrance.com\/en\/wp-json\/wp\/v2\/comments?post=2127"}],"version-history":[{"count":3,"href":"https:\/\/kinkysaloonfrance.com\/en\/wp-json\/wp\/v2\/pages\/2127\/revisions"}],"predecessor-version":[{"id":2131,"href":"https:\/\/kinkysaloonfrance.com\/en\/wp-json\/wp\/v2\/pages\/2127\/revisions\/2131"}],"wp:attachment":[{"href":"https:\/\/kinkysaloonfrance.com\/en\/wp-json\/wp\/v2\/media?parent=2127"}],"curies":[{"name":"wp","href":"https:\/\/api.w.org\/{rel}","templated":true}]}}