{"id":2189,"date":"2025-04-16T10:15:51","date_gmt":"2025-04-16T08:15:51","guid":{"rendered":"https:\/\/kinkysaloonfrance.com\/?page_id=2189"},"modified":"2026-03-09T09:07:15","modified_gmt":"2026-03-09T08:07:15","slug":"paris-kinky-creators-hub","status":"publish","type":"page","link":"https:\/\/kinkysaloonfrance.com\/en\/paris-kinky-creators-hub\/","title":{"rendered":"Paris Kinky Creators Hub"},"content":{"rendered":"<figure class=\"wp-block-image size-large\"><img decoding=\"async\" width=\"572\" height=\"1024\" data-src=\"https:\/\/kinkysaloonfrance.com\/wp-content\/uploads\/2025\/04\/32697DD6-2211-44EF-9281-8FC2D065D47B_1_102_o-572x1024.jpeg\" alt=\"\" class=\"wp-image-2190 lazyload\" data-srcset=\"https:\/\/kinkysaloonfrance.com\/wp-content\/uploads\/2025\/04\/32697DD6-2211-44EF-9281-8FC2D065D47B_1_102_o-572x1024.jpeg 572w, https:\/\/kinkysaloonfrance.com\/wp-content\/uploads\/2025\/04\/32697DD6-2211-44EF-9281-8FC2D065D47B_1_102_o-167x300.jpeg 167w, https:\/\/kinkysaloonfrance.com\/wp-content\/uploads\/2025\/04\/32697DD6-2211-44EF-9281-8FC2D065D47B_1_102_o-768x1376.jpeg 768w, https:\/\/kinkysaloonfrance.com\/wp-content\/uploads\/2025\/04\/32697DD6-2211-44EF-9281-8FC2D065D47B_1_102_o-857x1536.jpeg 857w, https:\/\/kinkysaloonfrance.com\/wp-content\/uploads\/2025\/04\/32697DD6-2211-44EF-9281-8FC2D065D47B_1_102_o-1143x2048.jpeg 1143w, https:\/\/kinkysaloonfrance.com\/wp-content\/uploads\/2025\/04\/32697DD6-2211-44EF-9281-8FC2D065D47B_1_102_o-7x12.jpeg 7w, https:\/\/kinkysaloonfrance.com\/wp-content\/uploads\/2025\/04\/32697DD6-2211-44EF-9281-8FC2D065D47B_1_102_o.jpeg 1325w\" data-sizes=\"(max-width: 572px) 100vw, 572px\" src=\"data:image\/svg+xml;base64,PHN2ZyB3aWR0aD0iMSIgaGVpZ2h0PSIxIiB4bWxucz0iaHR0cDovL3d3dy53My5vcmcvMjAwMC9zdmciPjwvc3ZnPg==\" style=\"--smush-placeholder-width: 572px; --smush-placeholder-aspect-ratio: 572\/1024;\" \/><\/figure>\n\n\n\n<p>Bienvenue au rendez-vous des cr\u00e9ateurices de contenus sexo, BDSM et kinky \u00e0 Paris !<\/p>\n\n\n\n<p>Would you like to share ideas, establish collaborations, find skilled technicians for your projects or discover captivating locations ready to host your shoots? Then this event is for you!<br><br>Please follow this charter carefully if you wish to join us:<\/p>\n\n\n\n<p>1. Adopt an attitude of respect towards all sexualities.<br>2. Value all kink practices, without judgment.<br>3. Respect the diversity of bodies, without exception.<br>4. Commit to collaboration based on the values of mutual respect and fair sharing.<br>Your commitment to these principles is essential to maintaining an open, creative and respectful environment.<\/p>\n\n\n\n<p>Rejoignez-nous \u00e0 partir de 19h dans une salle de bar privatis\u00e9e situ\u00e9e dans le 20\u1d49 arrondissement.<br>Please note: arrive before 8pm, because that's when Pitch Skills starts. In just one minute, introduce yourself and your projects or needs to others - a golden opportunity to forge links!<\/p>\n\n\n\n<p>Don't remain isolated in your corner, come and join us to exchange and inspire! This event is aimed primarily at content producers and technicians recognized for their expertise. Please note that there will be a vetting process to receive the bar address, so don't forget to sign up!<\/p>\n\n\n\n<p>Immerse yourself in this evening of creativity and connect with like-minded minds.<\/p>\n\n\n\n<div class=\"wp-block-buttons is-layout-flex wp-block-buttons-is-layout-flex\">\n<div class=\"wp-block-button\"><a class=\"wp-block-button__link wp-element-button\" href=\"https:\/\/forms.gle\/DyRAtSwn8HPBM1RL7\" target=\"_blank\" rel=\"noopener\">Register here!<\/a><\/div>\n<\/div>\n\n\n\n<div class=\"wp-block-buttons is-layout-flex wp-block-buttons-is-layout-flex\">\n<div class=\"wp-block-button\"><a class=\"wp-block-button__link wp-element-button\" href=\"https:\/\/www.helloasso.com\/beta\/associations\/associationksf\/formulaires\/4\" target=\"_blank\" rel=\"noopener\">Support the Paris Kinky Creators Hub<\/a><\/div>\n<\/div>\n\n\n\n<p><\/p>","protected":false},"excerpt":{"rendered":"<p>Bienvenue au rendez-vous des cr\u00e9ateurices de contenus sexo, BDSM et kinky \u00e0 Paris ! Vous souhaitez partager vos id\u00e9es, \u00e9tablir des collaborations, d\u00e9nicher des techniciens comp\u00e9tents pour vos projets ou&#8230;<\/p>","protected":false},"author":1,"featured_media":0,"parent":0,"menu_order":0,"comment_status":"closed","ping_status":"closed","template":"","meta":{"_EventAllDay":false,"_EventTimezone":"","_EventStartDate":"","_EventEndDate":"","_EventStartDateUTC":"","_EventEndDateUTC":"","_EventShowMap":false,"_EventShowMapLink":false,"_EventURL":"","_EventCost":"","_EventCostDescription":"","_EventCurrencySymbol":"","_EventCurrencyCode":"","_EventCurrencyPosition":"","_EventDateTimeSeparator":"","_EventTimeRangeSeparator":"","_EventOrganizerID":[],"_EventVenueID":[],"_OrganizerEmail":"","_OrganizerPhone":"","_OrganizerWebsite":"","_VenueAddress":"","_VenueCity":"","_VenueCountry":"","_VenueProvince":"","_VenueState":"","_VenueZip":"","_VenuePhone":"","_VenueURL":"","_VenueStateProvince":"","_VenueLat":"","_VenueLng":"","_VenueShowMap":false,"_VenueShowMapLink":false,"_kadence_starter_templates_imported_post":false,"_kad_post_transparent":"","_kad_post_title":"","_kad_post_layout":"","_kad_post_sidebar_id":"","_kad_post_content_style":"","_kad_post_vertical_padding":"","_kad_post_feature":"","_kad_post_feature_position":"","_kad_post_header":false,"_kad_post_footer":false,"_kad_post_classname":"","footnotes":""},"class_list":["post-2189","page","type-page","status-publish","hentry"],"_links":{"self":[{"href":"https:\/\/kinkysaloonfrance.com\/en\/wp-json\/wp\/v2\/pages\/2189"}],"collection":[{"href":"https:\/\/kinkysaloonfrance.com\/en\/wp-json\/wp\/v2\/pages"}],"about":[{"href":"https:\/\/kinkysaloonfrance.com\/en\/wp-json\/wp\/v2\/types\/page"}],"author":[{"embeddable":true,"href":"https:\/\/kinkysaloonfrance.com\/en\/wp-json\/wp\/v2\/users\/1"}],"replies":[{"embeddable":true,"href":"https:\/\/kinkysaloonfrance.com\/en\/wp-json\/wp\/v2\/comments?post=2189"}],"version-history":[{"count":4,"href":"https:\/\/kinkysaloonfrance.com\/en\/wp-json\/wp\/v2\/pages\/2189\/revisions"}],"predecessor-version":[{"id":2316,"href":"https:\/\/kinkysaloonfrance.com\/en\/wp-json\/wp\/v2\/pages\/2189\/revisions\/2316"}],"wp:attachment":[{"href":"https:\/\/kinkysaloonfrance.com\/en\/wp-json\/wp\/v2\/media?parent=2189"}],"curies":[{"name":"wp","href":"https:\/\/api.w.org\/{rel}","templated":true}]}}