{"id":2319,"date":"2026-03-12T10:56:22","date_gmt":"2026-03-12T09:56:22","guid":{"rendered":"https:\/\/kinkysaloonfrance.com\/?page_id=2319"},"modified":"2026-03-12T10:56:25","modified_gmt":"2026-03-12T09:56:25","slug":"ateliers-kink-basics-disponible-en-video","status":"publish","type":"page","link":"https:\/\/kinkysaloonfrance.com\/en\/ateliers-kink-basics-disponible-en-video\/","title":{"rendered":"Ateliers Kink Basics &#8211; disponible en vid\u00e9o"},"content":{"rendered":"<p><strong>Kink Basics, c\u2019est quoi ?<\/strong><br>Chaque session se concentre sur un th\u00e8me pr\u00e9cis (par exemple : bondage, fess\u00e9e, discipline verbale\u2026), et alterne entre explications th\u00e9oriques, d\u00e9monstrations concr\u00e8tes et \u00e9changes interactifs.<br>Pas besoin d\u2019exp\u00e9rience pr\u00e9alable : ces cours s\u2019adressent autant aux d\u00e9butant\u00b7es curieux\u00b7ses qu\u2019aux pratiquant\u00b7es plus avanc\u00e9\u00b7es qui souhaitent r\u00e9viser les bases et renforcer leur technique.<\/p>\n\n\n\n<p>L\u2019accent est mis sur :<\/p>\n\n\n\n<ul class=\"wp-block-list\">\n<li>La s\u00e9curit\u00e9 : apprendre les bons gestes pour \u00e9viter les erreurs.<\/li>\n\n\n\n<li>La communication : savoir poser ses limites et \u00e9couter celles de l\u2019autre.<\/li>\n\n\n\n<li>Le plaisir : parce qu\u2019un bon jeu kinky commence par la confiance et la cr\u00e9ativit\u00e9 !<\/li>\n<\/ul>\n\n\n\n<p>Kink Basics se veut un format court, accessible et pratique, pour que chacun\u00b7e reparte avec des outils imm\u00e9diatement applicables dans ses propres jeux.<\/p>\n\n\n\n<p>Vous pouvez acheter les videos de Kink Basics via les liens suivants : <\/p>\n\n\n\n<p><a href=\"https:\/\/www.loyalfans.com\/inannajustice\/video\/kink-basics-limpact-atelier-132319228298\" target=\"_blank\" rel=\"noopener\">Kink Basics #1 : les jeux d&rsquo;impact<\/a><br><br><a href=\"https:\/\/www.loyalfans.com\/inannajustice\/video\/kink-basics-le-detournement-des-objets-chez-soi-1329838120522\" target=\"_blank\" rel=\"noopener\">Kink Basics #2 : le d\u00e9tournement d&rsquo;objets chez soi<\/a><\/p>\n\n\n\n<p><a href=\"https:\/\/www.loyalfans.com\/inannajustice\/video\/kink-basics-3-bondage-avec-foulards-et-1454323388022\" target=\"_blank\" rel=\"noopener\">Kink Basics #3 : bondage avec foulards et ceintures<\/a><\/p>\n\n\n\n<p><a href=\"https:\/\/www.loyalfans.com\/inannajustice\/video\/kink-basics-4-les-jeux-de-roles-1455674275751\" target=\"_blank\" rel=\"noopener\">Kink Basics #4 : les jeux de r\u00f4les<\/a> <br><\/p>","protected":false},"excerpt":{"rendered":"<p>Kink Basics, c\u2019est quoi ?Chaque session se concentre sur un th\u00e8me pr\u00e9cis (par exemple : bondage, fess\u00e9e, discipline verbale\u2026), et alterne entre explications th\u00e9oriques, d\u00e9monstrations concr\u00e8tes et \u00e9changes interactifs.Pas besoin&#8230;<\/p>","protected":false},"author":1,"featured_media":0,"parent":0,"menu_order":0,"comment_status":"closed","ping_status":"closed","template":"","meta":{"_EventAllDay":false,"_EventTimezone":"","_EventStartDate":"","_EventEndDate":"","_EventStartDateUTC":"","_EventEndDateUTC":"","_EventShowMap":false,"_EventShowMapLink":false,"_EventURL":"","_EventCost":"","_EventCostDescription":"","_EventCurrencySymbol":"","_EventCurrencyCode":"","_EventCurrencyPosition":"","_EventDateTimeSeparator":"","_EventTimeRangeSeparator":"","_EventOrganizerID":[],"_EventVenueID":[],"_OrganizerEmail":"","_OrganizerPhone":"","_OrganizerWebsite":"","_VenueAddress":"","_VenueCity":"","_VenueCountry":"","_VenueProvince":"","_VenueState":"","_VenueZip":"","_VenuePhone":"","_VenueURL":"","_VenueStateProvince":"","_VenueLat":"","_VenueLng":"","_VenueShowMap":false,"_VenueShowMapLink":false,"_kadence_starter_templates_imported_post":false,"_kad_post_transparent":"","_kad_post_title":"","_kad_post_layout":"","_kad_post_sidebar_id":"","_kad_post_content_style":"","_kad_post_vertical_padding":"","_kad_post_feature":"","_kad_post_feature_position":"","_kad_post_header":false,"_kad_post_footer":false,"_kad_post_classname":"","footnotes":""},"class_list":["post-2319","page","type-page","status-publish","hentry"],"_links":{"self":[{"href":"https:\/\/kinkysaloonfrance.com\/en\/wp-json\/wp\/v2\/pages\/2319"}],"collection":[{"href":"https:\/\/kinkysaloonfrance.com\/en\/wp-json\/wp\/v2\/pages"}],"about":[{"href":"https:\/\/kinkysaloonfrance.com\/en\/wp-json\/wp\/v2\/types\/page"}],"author":[{"embeddable":true,"href":"https:\/\/kinkysaloonfrance.com\/en\/wp-json\/wp\/v2\/users\/1"}],"replies":[{"embeddable":true,"href":"https:\/\/kinkysaloonfrance.com\/en\/wp-json\/wp\/v2\/comments?post=2319"}],"version-history":[{"count":2,"href":"https:\/\/kinkysaloonfrance.com\/en\/wp-json\/wp\/v2\/pages\/2319\/revisions"}],"predecessor-version":[{"id":2322,"href":"https:\/\/kinkysaloonfrance.com\/en\/wp-json\/wp\/v2\/pages\/2319\/revisions\/2322"}],"wp:attachment":[{"href":"https:\/\/kinkysaloonfrance.com\/en\/wp-json\/wp\/v2\/media?parent=2319"}],"curies":[{"name":"wp","href":"https:\/\/api.w.org\/{rel}","templated":true}]}}