{"id":557,"date":"2021-07-15T03:15:15","date_gmt":"2021-07-15T03:15:15","guid":{"rendered":"https:\/\/stage.startertemplatecloud.com\/g12\/?page_id=557"},"modified":"2024-08-13T23:38:14","modified_gmt":"2024-08-13T21:38:14","slug":"contact","status":"publish","type":"page","link":"https:\/\/kinkysaloonfrance.com\/en\/contact\/","title":{"rendered":"Contact"},"content":{"rendered":"<style>.kb-row-layout-id557_14ca2c-bd > .kt-row-column-wrap{align-content:start;}:where(.kb-row-layout-id557_14ca2c-bd > .kt-row-column-wrap) > .wp-block-kadence-column{justify-content:start;}.kb-row-layout-id557_14ca2c-bd > .kt-row-column-wrap{column-gap:var(--global-kb-gap-md, 2rem);row-gap:var(--global-kb-gap-md, 2rem);max-width:1250px;margin-left:auto;margin-right:auto;padding-top:100px;padding-right:0px;padding-bottom:228px;padding-left:0px;grid-template-columns:minmax(0, 1fr);}.kb-row-layout-id557_14ca2c-bd{background-image:url('https:\/\/kinkysaloonfrance.com\/wp-content\/uploads\/2021\/04\/pencilsketchadjusted-1874885.png');background-size:cover;background-position:center center;background-attachment:scroll;background-repeat:no-repeat;}.kb-row-layout-id557_14ca2c-bd > .kt-row-layout-overlay{opacity:0.70;background-color:var(--global-palette8, #F7FAFC);}@media all and (max-width: 1024px){.kb-row-layout-id557_14ca2c-bd > .kt-row-column-wrap{padding-top:60px;padding-right:30px;padding-bottom:30px;padding-left:30px;grid-template-columns:minmax(0, 1fr);}}@media all and (max-width: 767px){.kb-row-layout-id557_14ca2c-bd > .kt-row-column-wrap{padding-top:40px;padding-right:15px;padding-bottom:30px;padding-left:15px;grid-template-columns:minmax(0, 1fr);}}<\/style><div class=\"kb-row-layout-wrap kb-row-layout-id557_14ca2c-bd alignnone kt-row-has-bg wp-block-kadence-rowlayout\"><div class=\"kt-row-layout-overlay kt-row-overlay-normal\"><\/div><div class=\"kt-row-column-wrap kt-has-1-columns kt-row-layout-equal kt-tab-layout-inherit kt-mobile-layout-row kt-row-valign-top\">\n<style>.kadence-column557_c9c407-99 > .kt-inside-inner-col{padding-top:10px;padding-right:10px;padding-bottom:10px;padding-left:10px;}.kadence-column557_c9c407-99 > .kt-inside-inner-col,.kadence-column557_c9c407-99 > .kt-inside-inner-col:before{border-top-left-radius:0px;border-top-right-radius:0px;border-bottom-right-radius:0px;border-bottom-left-radius:0px;}.kadence-column557_c9c407-99 > .kt-inside-inner-col{column-gap:var(--global-kb-gap-sm, 1rem);}.kadence-column557_c9c407-99 > .kt-inside-inner-col{flex-direction:column;}.kadence-column557_c9c407-99 > .kt-inside-inner-col > .aligncenter{width:100%;}.kadence-column557_c9c407-99 > .kt-inside-inner-col:before{opacity:0.3;}.kadence-column557_c9c407-99{position:relative;}@media all and (max-width: 1024px){.kadence-column557_c9c407-99 > .kt-inside-inner-col{padding-top:40px;padding-right:40px;padding-bottom:40px;padding-left:40px;flex-direction:column;justify-content:center;}}@media all and (max-width: 767px){.kadence-column557_c9c407-99 > .kt-inside-inner-col{padding-top:0px;padding-right:0px;padding-bottom:0px;padding-left:0px;flex-direction:column;justify-content:center;}}<\/style>\n<div class=\"wp-block-kadence-column kadence-column557_c9c407-99 inner-column-1\"><div class=\"kt-inside-inner-col\"><style>.kb-row-layout-id557_c52f85-06 > .kt-row-column-wrap{align-content:center;}:where(.kb-row-layout-id557_c52f85-06 > .kt-row-column-wrap) > .wp-block-kadence-column{justify-content:center;}.kb-row-layout-id557_c52f85-06 > .kt-row-column-wrap{column-gap:var(--global-kb-gap-none, 0rem );row-gap:var(--global-kb-gap-none, 0rem );max-width:1250px;margin-left:auto;margin-right:auto;padding-top:0px;padding-right:0px;padding-bottom:0px;padding-left:0px;grid-template-columns:repeat(2, minmax(0, 1fr));}.kb-row-layout-id557_c52f85-06 > .kt-row-layout-overlay{opacity:0.30;}@media all and (max-width: 1024px){.kb-row-layout-id557_c52f85-06 > .kt-row-column-wrap{grid-template-columns:minmax(0, 1fr);}}@media all and (max-width: 767px){.kb-row-layout-id557_c52f85-06 > .kt-row-column-wrap{grid-template-columns:minmax(0, 1fr);}}<\/style><div class=\"kb-row-layout-wrap kb-row-layout-id557_c52f85-06 alignnone wp-block-kadence-rowlayout\"><div class=\"kt-row-column-wrap kt-has-2-columns kt-row-layout-equal kt-tab-layout-row kt-mobile-layout-row kt-row-valign-middle kt-inner-column-height-full\">\n<style>.kadence-column557_c313cc-4f > .kt-inside-inner-col{display:flex;}.kadence-column557_c313cc-4f > .kt-inside-inner-col{padding-top:50px;padding-right:50px;padding-bottom:50px;padding-left:50px;}.kadence-column557_c313cc-4f > .kt-inside-inner-col,.kadence-column557_c313cc-4f > .kt-inside-inner-col:before{border-top-left-radius:6px;border-top-right-radius:6px;border-bottom-right-radius:6px;border-bottom-left-radius:6px;}.kadence-column557_c313cc-4f > .kt-inside-inner-col{column-gap:var(--global-kb-gap-sm, 1rem);}.kadence-column557_c313cc-4f > .kt-inside-inner-col{flex-direction:column;justify-content:stretch;}.kadence-column557_c313cc-4f > .kt-inside-inner-col > .aligncenter{width:100%;}.kt-row-column-wrap > .kadence-column557_c313cc-4f{align-self:center;}.kt-inner-column-height-full:not(.kt-has-1-columns) > .wp-block-kadence-column.kadence-column557_c313cc-4f{align-self:auto;}.kt-inner-column-height-full:not(.kt-has-1-columns) > .wp-block-kadence-column.kadence-column557_c313cc-4f > .kt-inside-inner-col{flex-direction:column;justify-content:stretch;}.kadence-column557_c313cc-4f > .kt-inside-inner-col{background-color:var(--global-palette9, #ffffff);}.kadence-column557_c313cc-4f > .kt-inside-inner-col:before{opacity:0.3;}.kadence-column557_c313cc-4f{position:relative;}@media all and (max-width: 1024px){.kt-row-column-wrap > .kadence-column557_c313cc-4f{align-self:center;}}@media all and (max-width: 1024px){.kt-inner-column-height-full:not(.kt-has-1-columns) > .wp-block-kadence-column.kadence-column557_c313cc-4f{align-self:auto;}}@media all and (max-width: 1024px){.kt-inner-column-height-full:not(.kt-has-1-columns) > .wp-block-kadence-column.kadence-column557_c313cc-4f > .kt-inside-inner-col{flex-direction:column;justify-content:stretch;}}@media all and (max-width: 1024px){.kadence-column557_c313cc-4f > .kt-inside-inner-col{flex-direction:column;justify-content:stretch;}}@media all and (max-width: 767px){.kadence-column557_c313cc-4f > .kt-inside-inner-col{padding-top:40px;padding-right:40px;padding-bottom:40px;padding-left:40px;flex-direction:column;justify-content:stretch;}.kt-row-column-wrap > .kadence-column557_c313cc-4f{align-self:center;}.kt-inner-column-height-full:not(.kt-has-1-columns) > .wp-block-kadence-column.kadence-column557_c313cc-4f{align-self:auto;}.kt-inner-column-height-full:not(.kt-has-1-columns) > .wp-block-kadence-column.kadence-column557_c313cc-4f > .kt-inside-inner-col{flex-direction:column;justify-content:stretch;}}<\/style>\n<div class=\"wp-block-kadence-column kadence-column557_c313cc-4f\"><div class=\"kt-inside-inner-col\"><style>.wp-block-kadence-advancedheading.kt-adv-heading557_192e64-f8, .wp-block-kadence-advancedheading.kt-adv-heading557_192e64-f8[data-kb-block=\"kb-adv-heading557_192e64-f8\"]{margin-top:0px;margin-right:0px;margin-bottom:37px;margin-left:0px;line-height:1em;font-style:normal;}.wp-block-kadence-advancedheading.kt-adv-heading557_192e64-f8 mark.kt-highlight, .wp-block-kadence-advancedheading.kt-adv-heading557_192e64-f8[data-kb-block=\"kb-adv-heading557_192e64-f8\"] mark.kt-highlight{font-style:normal;color:#f76a0c;-webkit-box-decoration-break:clone;box-decoration-break:clone;padding-top:0px;padding-right:0px;padding-bottom:0px;padding-left:0px;}.wp-block-kadence-advancedheading.kt-adv-heading557_192e64-f8 img.kb-inline-image, .wp-block-kadence-advancedheading.kt-adv-heading557_192e64-f8[data-kb-block=\"kb-adv-heading557_192e64-f8\"] img.kb-inline-image{width:150px;vertical-align:baseline;}@media all and (max-width: 1024px){.wp-block-kadence-advancedheading.kt-adv-heading557_192e64-f8, .wp-block-kadence-advancedheading.kt-adv-heading557_192e64-f8[data-kb-block=\"kb-adv-heading557_192e64-f8\"]{text-align:center!important;}}@media all and (max-width: 767px){.wp-block-kadence-advancedheading.kt-adv-heading557_192e64-f8, .wp-block-kadence-advancedheading.kt-adv-heading557_192e64-f8[data-kb-block=\"kb-adv-heading557_192e64-f8\"]{font-size:28px;text-align:center!important;}}<\/style>\n<h2 class=\"kt-adv-heading557_192e64-f8 wp-block-kadence-advancedheading\" data-kb-block=\"kb-adv-heading557_192e64-f8\">Nous contacter<\/h2>\n\n\n\n<p>Vous voulez assister \u00e0 un Saloon ?<br>Vous voulez proposer de l\u2019aide ou une d\u00e9monstration ?<br>Vous avez une id\u00e9e \u00e0 partager avec nous ?<\/p>\n\n\n\n<p>Envoyez-nous un message !<\/p>\n\n\n\n<p>Avant de nous contacter, lisez <a href=\"https:\/\/kinkysaloonfrance.com\/votre-engagement\/\" target=\"_blank\" rel=\"noreferrer noopener\">nos r\u00e8gles et notre charte d&rsquo;engagement<\/a>.<br><\/p>\n\n\n\n<p>Merci de nous donner vos profils kinky (FetLife, Twitter, Insta, Facebook\u2026) dans votre message.<\/p>\n\n\n\n<h2 class=\"wp-block-heading\">Nous retrouver<\/h2>\n\n\n\n<p>Vous pouvez \u00e9galement suivre Kinky Saloon sur les r\u00e9seaux sociaux pour conna\u00eetre nos \u00e9v\u00e9nements et nos derni\u00e8res actualit\u00e9s. <\/p>\n\n\n\n<ul class=\"wp-block-social-links has-visible-labels has-icon-color is-style-logos-only is-layout-flex wp-block-social-links-is-layout-flex\"><li style=\"color: var(--global-palette3); \" class=\"wp-social-link wp-social-link-x has-theme-palette3-color wp-block-social-link\"><a rel=\"noopener nofollow\" target=\"_blank\" href=\"https:\/\/x.com\/KinkySaloonFR\" class=\"wp-block-social-link-anchor\"><svg width=\"24\" height=\"24\" viewBox=\"0 0 24 24\" version=\"1.1\" xmlns=\"http:\/\/www.w3.org\/2000\/svg\" aria-hidden=\"true\" focusable=\"false\"><path d=\"M13.982 10.622 20.54 3h-1.554l-5.693 6.618L8.745 3H3.5l6.876 10.007L3.5 21h1.554l6.012-6.989L15.868 21h5.245l-7.131-10.378Zm-2.128 2.474-.697-.997-5.543-7.93H8l4.474 6.4.697.996 5.815 8.318h-2.387l-4.745-6.787Z\" \/><\/svg><span class=\"wp-block-social-link-label\">Twitter<\/span><\/a><\/li>\n\n<li style=\"color: var(--global-palette3); \" class=\"wp-social-link wp-social-link-facebook has-theme-palette3-color wp-block-social-link\"><a rel=\"noopener nofollow\" target=\"_blank\" href=\"https:\/\/www.facebook.com\/profile.php?id=61551001203859\" class=\"wp-block-social-link-anchor\"><svg width=\"24\" height=\"24\" viewBox=\"0 0 24 24\" version=\"1.1\" xmlns=\"http:\/\/www.w3.org\/2000\/svg\" aria-hidden=\"true\" focusable=\"false\"><path d=\"M12 2C6.5 2 2 6.5 2 12c0 5 3.7 9.1 8.4 9.9v-7H7.9V12h2.5V9.8c0-2.5 1.5-3.9 3.8-3.9 1.1 0 2.2.2 2.2.2v2.5h-1.3c-1.2 0-1.6.8-1.6 1.6V12h2.8l-.4 2.9h-2.3v7C18.3 21.1 22 17 22 12c0-5.5-4.5-10-10-10z\"><\/path><\/svg><span class=\"wp-block-social-link-label\">Facebook<\/span><\/a><\/li>\n\n<li style=\"color: var(--global-palette3); \" class=\"wp-social-link wp-social-link-chain has-theme-palette3-color wp-block-social-link\"><a rel=\"noopener nofollow\" target=\"_blank\" href=\"https:\/\/fetlife.com\/users\/17737380\" class=\"wp-block-social-link-anchor\"><svg width=\"24\" height=\"24\" viewBox=\"0 0 24 24\" version=\"1.1\" xmlns=\"http:\/\/www.w3.org\/2000\/svg\" aria-hidden=\"true\" focusable=\"false\"><path d=\"M15.6,7.2H14v1.5h1.6c2,0,3.7,1.7,3.7,3.7s-1.7,3.7-3.7,3.7H14v1.5h1.6c2.8,0,5.2-2.3,5.2-5.2,0-2.9-2.3-5.2-5.2-5.2zM4.7,12.4c0-2,1.7-3.7,3.7-3.7H10V7.2H8.4c-2.9,0-5.2,2.3-5.2,5.2,0,2.9,2.3,5.2,5.2,5.2H10v-1.5H8.4c-2,0-3.7-1.7-3.7-3.7zm4.6.9h5.3v-1.5H9.3v1.5z\"><\/path><\/svg><span class=\"wp-block-social-link-label\">Fetlife<\/span><\/a><\/li>\n\n<li style=\"color: var(--global-palette3); \" class=\"wp-social-link wp-social-link-spotify has-theme-palette3-color wp-block-social-link\"><a rel=\"noopener nofollow\" target=\"_blank\" href=\"https:\/\/open.spotify.com\/user\/31xmixkzdg53tvgwbvcefctf7avm\" class=\"wp-block-social-link-anchor\"><svg width=\"24\" height=\"24\" viewBox=\"0 0 24 24\" version=\"1.1\" xmlns=\"http:\/\/www.w3.org\/2000\/svg\" aria-hidden=\"true\" focusable=\"false\"><path d=\"M12,2C6.477,2,2,6.477,2,12c0,5.523,4.477,10,10,10c5.523,0,10-4.477,10-10C22,6.477,17.523,2,12,2 M16.586,16.424 c-0.18,0.295-0.563,0.387-0.857,0.207c-2.348-1.435-5.304-1.76-8.785-0.964c-0.335,0.077-0.67-0.133-0.746-0.469 c-0.077-0.335,0.132-0.67,0.469-0.746c3.809-0.871,7.077-0.496,9.713,1.115C16.673,15.746,16.766,16.13,16.586,16.424 M17.81,13.7 c-0.226,0.367-0.706,0.482-1.072,0.257c-2.687-1.652-6.785-2.131-9.965-1.166C6.36,12.917,5.925,12.684,5.8,12.273 C5.675,11.86,5.908,11.425,6.32,11.3c3.632-1.102,8.147-0.568,11.234,1.328C17.92,12.854,18.035,13.335,17.81,13.7 M17.915,10.865 c-3.223-1.914-8.54-2.09-11.618-1.156C5.804,9.859,5.281,9.58,5.131,9.086C4.982,8.591,5.26,8.069,5.755,7.919 c3.532-1.072,9.404-0.865,13.115,1.338c0.445,0.264,0.59,0.838,0.327,1.282C18.933,10.983,18.359,11.129,17.915,10.865\"><\/path><\/svg><span class=\"wp-block-social-link-label\">Spotify<\/span><\/a><\/li><\/ul>\n<\/div><\/div>\n\n\n<style>.kadence-column557_319f63-43 > .kt-inside-inner-col{padding-top:50px;padding-right:50px;padding-bottom:50px;padding-left:50px;}.kadence-column557_319f63-43 > .kt-inside-inner-col,.kadence-column557_319f63-43 > .kt-inside-inner-col:before{border-top-left-radius:6px;border-top-right-radius:6px;border-bottom-right-radius:6px;border-bottom-left-radius:6px;}.kadence-column557_319f63-43 > .kt-inside-inner-col{column-gap:var(--global-kb-gap-sm, 1rem);}.kadence-column557_319f63-43 > .kt-inside-inner-col{flex-direction:column;}.kadence-column557_319f63-43 > .kt-inside-inner-col > .aligncenter{width:100%;}.kadence-column557_319f63-43 > .kt-inside-inner-col{background-color:var(--global-palette9, #ffffff);}.kadence-column557_319f63-43 > .kt-inside-inner-col:before{opacity:0.3;}.kadence-column557_319f63-43{position:relative;}.kadence-column557_319f63-43, .kt-inside-inner-col > .kadence-column557_319f63-43:not(.specificity){margin-top:0px;margin-right:0px;margin-bottom:0px;margin-left:50px;}@media all and (max-width: 1024px){.kadence-column557_319f63-43 > .kt-inside-inner-col{padding-top:50px;padding-right:50px;padding-bottom:50px;padding-left:50px;flex-direction:column;justify-content:center;}}@media all and (max-width: 1024px){.kadence-column557_319f63-43, .kt-inside-inner-col > .kadence-column557_319f63-43:not(.specificity){margin-top:50px;margin-right:0px;margin-bottom:0px;margin-left:0px;}}@media all and (max-width: 767px){.kadence-column557_319f63-43 > .kt-inside-inner-col{padding-top:40px;padding-right:20px;padding-bottom:40px;padding-left:20px;flex-direction:column;justify-content:center;}.kadence-column557_319f63-43, .kt-inside-inner-col > .kadence-column557_319f63-43:not(.specificity){margin-top:40px;margin-right:0px;margin-bottom:0px;margin-left:0px;}}<\/style>\n<div class=\"wp-block-kadence-column kadence-column557_319f63-43\"><div class=\"kt-inside-inner-col\"><style>.kadence-form-557_cd0223-8f .kb-form .kadence-blocks-form-field .kb-text-style-field, .kadence-form-557_cd0223-8f .kb-form .kadence-blocks-form-field .kb-select-style-field{color:var(--global-palette6, #718096);border-color:var(--global-palette7, #EDF2F7);}.kadence-form-557_cd0223-8f .kb-form .kadence-blocks-form-field > label{color:var(--global-palette3, #1A202C);text-transform:none;font-weight:bold;}.kb-form input.kadence-blocks-field.verify{opacity:0.0;position:absolute;top:0.0;left:0.0;width:0.0;height:0.0;z-index:-1;}<\/style>\n<div class=\"wp-block-kadence-form kadence-form-557_cd0223-8f kb-form-wrap\"><form class=\"kb-form\" action=\"\" method=\"post\"><div class=\"kadence-blocks-form-field kb-field-desk-width-100 kb-field-mobile-width-100 kb-input-size-standard\"><label for=\"kb_field_557_cd0223-8f_0\">Pr\u00e9nom ou pseudo<span class=\"required\">*<\/span><\/label><input name=\"kb_field_0\" id=\"kb_field_557_cd0223-8f_0\" data-label=\"Pr\u00e9nom ou pseudo\" type=\"text\" placeholder=\"Par exemple : Jean\" value=\"\" data-type=\"text\" class=\"kb-field kb-text-style-field kb-text-field kb-field-0\" data-required=\"yes\"\/><\/div><div class=\"kadence-blocks-form-field kb-form-field-1 kb-field-desk-width-100 kb-input-size-standard\"><label for=\"kb_field_557_cd0223-8f_1\">Adresse email<span class=\"required\">*<\/span><\/label><input name=\"kb_field_1\" id=\"kb_field_557_cd0223-8f_1\" data-label=\"Adresse email\" type=\"email\" placeholder=\"Par exemple : jean@email.com\" value=\"\" data-type=\"email\" class=\"kb-field kb-text-style-field kb-email-field kb-field-1\" data-required=\"yes\"\/><\/div><div class=\"kadence-blocks-form-field kb-form-field-2 kb-field-desk-width-100 kb-input-size-standard\"><label for=\"kb_field_557_cd0223-8f_2\">J&rsquo;ai pris quelques minutes pour lire :<span class=\"required\">*<\/span><\/label><div data-type=\"checkbox\" data-label=\"J'ai pris quelques minutes pour lire :\" id=\"kb_field_557_cd0223-8f_2\" class=\"kb-field kb-checkbox-style-field kb-checkbox-field kb-field-2 kb-radio-style-normal\" data-required=\"yes\"><div data-type=\"checkbox\" class=\"kb-checkbox-item kb-checkbox-item-0\"><input type=\"checkbox\" name=\"kb_field_2[]\" id=\"kb_field_2_0\" class=\"kb-sub-field kb-checkbox-style\" value=\"Nos r\u00e8gles\"\/><label for=\"kb_field_2_0\">Nos r\u00e8gles<\/label><\/div><div data-type=\"checkbox\" class=\"kb-checkbox-item kb-checkbox-item-1\"><input type=\"checkbox\" name=\"kb_field_2[]\" id=\"kb_field_2_1\" class=\"kb-sub-field kb-checkbox-style\" value=\"Notre charte d'engagement\"\/><label for=\"kb_field_2_1\">Notre charte d&rsquo;engagement<\/label><\/div><\/div><\/div><div class=\"kadence-blocks-form-field kb-form-field-3 kb-field-desk-width-100 kb-input-size-standard\"><label for=\"kb_field_557_cd0223-8f_3\">Etes-vous adh\u00e9rent.e \u00e0 l&rsquo;association KSF ?<span class=\"required\">*<\/span><\/label><div data-type=\"radio\" data-label=\"Etes-vous adh\u00e9rent.e \u00e0 l'association KSF ?\" id=\"kb_field_557_cd0223-8f_3\" class=\"kb-field kb-radio-style-field kb-radio-field kb-field-3 kb-radio-style-normal\" data-required=\"yes\"><div data-type=\"radio\" class=\"kb-radio-item kb-radio-item-0\"><input type=\"radio\" name=\"kb_field_3[]\" id=\"kb_field_3_0\" class=\"kb-sub-field kb-radio-style\" value=\"Oui\"\/><label for=\"kb_field_3_0\">Oui<\/label><\/div><div data-type=\"radio\" class=\"kb-radio-item kb-radio-item-1\"><input type=\"radio\" name=\"kb_field_3[]\" id=\"kb_field_3_1\" class=\"kb-sub-field kb-radio-style\" value=\"Non\"\/><label for=\"kb_field_3_1\">Non<\/label><\/div><\/div><\/div><div class=\"kadence-blocks-form-field kb-form-field-4 kb-field-desk-width-100 kb-input-size-standard\"><label for=\"kb_field_557_cd0223-8f_4\">URL d&rsquo;un de vos profils Kinky<span class=\"required\">*<\/span><\/label><input name=\"kb_field_4\" id=\"kb_field_557_cd0223-8f_4\" data-label=\"URL d'un de vos profils Kinky\" type=\"text\" placeholder=\"Sur Fetlife, Twitter, Facebook, Instagram...\" value=\"\" data-type=\"text\" class=\"kb-field kb-text-style-field kb-text-field kb-field-4\" data-required=\"yes\"\/><\/div><div class=\"kadence-blocks-form-field kb-form-field-5 kb-field-desk-width-100 kb-input-size-standard\"><label for=\"kb_field_557_cd0223-8f_5\">Votre Message<span class=\"required\">*<\/span><\/label><textarea name=\"kb_field_5\" id=\"kb_field_557_cd0223-8f_5\" data-label=\"Votre Message\" type=\"textarea\" placeholder=\"Saisissez votre Message\" data-type=\"textarea\" class=\"kb-field kb-text-style-field kb-textarea-field kb-field-5\" rows=\"6\" data-required=\"yes\"><\/textarea><\/div><input type=\"hidden\" name=\"_kb_form_id\" value=\"557_cd0223-8f\"\/><input type=\"hidden\" name=\"_kb_form_post_id\" value=\"557\"\/><input type=\"hidden\" name=\"action\" value=\"kb_process_ajax_submit\"\/><input type=\"hidden\" name=\"recaptcha_response\" class=\"kb_recaptcha_response kb_recaptcha_557_cd0223-8f\"\/><label class=\"kadence-verify-label\">Email<input class=\"kadence-blocks-field verify\" type=\"text\" name=\"_kb_verify_email\" autocomplete=\"new-password\" aria-hidden=\"true\" placeholder=\"Email\" tabindex=\"-1\" data-1p-ignore=\"true\" data-lpignore=\"true\" \/><\/label><div class=\"kadence-blocks-form-field kb-submit-field kb-field-desk-width-100\"><button class=\"kb-forms-submit button kb-button-size-standard kb-button-width-auto\">Envoyer<\/button><\/div><\/form><\/div>\n<noscript><div class=\"kadence-blocks-form-message kadence-blocks-form-warning\">Please enable JavaScript in your browser to submit the form<\/div><style>.kadence-form-557_cd0223-8f .kadence-blocks-form-field.kb-submit-field { display: none; }<\/style><\/noscript><\/div><\/div>\n\n<\/div><\/div><\/div><\/div>\n\n<\/div><\/div>","protected":false},"excerpt":{"rendered":"<p>Contact us Would you like to attend a Saloon? Would you like to offer help or a demonstration? Do you have an idea you'd like to share with us? Send us a message! Before...<\/p>","protected":false},"author":1,"featured_media":0,"parent":0,"menu_order":5,"comment_status":"closed","ping_status":"closed","template":"","meta":{"_EventAllDay":false,"_EventTimezone":"","_EventStartDate":"","_EventEndDate":"","_EventStartDateUTC":"","_EventEndDateUTC":"","_EventShowMap":false,"_EventShowMapLink":false,"_EventURL":"","_EventCost":"","_EventCostDescription":"","_EventCurrencySymbol":"","_EventCurrencyCode":"","_EventCurrencyPosition":"","_EventDateTimeSeparator":"","_EventTimeRangeSeparator":"","_EventOrganizerID":[],"_EventVenueID":[],"_OrganizerEmail":"","_OrganizerPhone":"","_OrganizerWebsite":"","_VenueAddress":"","_VenueCity":"","_VenueCountry":"","_VenueProvince":"","_VenueState":"","_VenueZip":"","_VenuePhone":"","_VenueURL":"","_VenueStateProvince":"","_VenueLat":"","_VenueLng":"","_VenueShowMap":false,"_VenueShowMapLink":false,"_kadence_starter_templates_imported_post":true,"_kad_post_transparent":"","_kad_post_title":"default","_kad_post_layout":"fullwidth","_kad_post_sidebar_id":"","_kad_post_content_style":"unboxed","_kad_post_vertical_padding":"hide","_kad_post_feature":"hide","_kad_post_feature_position":"","_kad_post_header":false,"_kad_post_footer":false,"_kad_post_classname":"","footnotes":""},"class_list":["post-557","page","type-page","status-publish","hentry"],"_links":{"self":[{"href":"https:\/\/kinkysaloonfrance.com\/en\/wp-json\/wp\/v2\/pages\/557"}],"collection":[{"href":"https:\/\/kinkysaloonfrance.com\/en\/wp-json\/wp\/v2\/pages"}],"about":[{"href":"https:\/\/kinkysaloonfrance.com\/en\/wp-json\/wp\/v2\/types\/page"}],"author":[{"embeddable":true,"href":"https:\/\/kinkysaloonfrance.com\/en\/wp-json\/wp\/v2\/users\/1"}],"replies":[{"embeddable":true,"href":"https:\/\/kinkysaloonfrance.com\/en\/wp-json\/wp\/v2\/comments?post=557"}],"version-history":[{"count":6,"href":"https:\/\/kinkysaloonfrance.com\/en\/wp-json\/wp\/v2\/pages\/557\/revisions"}],"predecessor-version":[{"id":2021,"href":"https:\/\/kinkysaloonfrance.com\/en\/wp-json\/wp\/v2\/pages\/557\/revisions\/2021"}],"wp:attachment":[{"href":"https:\/\/kinkysaloonfrance.com\/en\/wp-json\/wp\/v2\/media?parent=557"}],"curies":[{"name":"wp","href":"https:\/\/api.w.org\/{rel}","templated":true}]}}